{"id":4952,"date":"2024-01-29T12:27:06","date_gmt":"2024-01-29T12:27:06","guid":{"rendered":"https:\/\/danielray.com\/?page_id=4952"},"modified":"2026-04-13T13:42:12","modified_gmt":"2026-04-13T13:42:12","slug":"csr","status":"publish","type":"page","link":"https:\/\/danielray.com\/de\/csr\/","title":{"rendered":"CSR"},"content":{"rendered":"<div class=\"wpb-content-wrapper\"><p>[vc_row full_height=&#8220;yes&#8220; columns_placement=&#8220;stretch&#8220; equal_height=&#8220;yes&#8220; content_placement=&#8220;middle&#8220; columns_height=&#8220;adjust_cols_height&#8220; background_style=&#8220;normal&#8220;][vc_column css=&#8220;.vc_custom_1776087738329{background-image: url(https:\/\/danielray.com\/wp-content\/uploads\/2026\/04\/JDV-6281.jpg?id=5218) !important;background-position: center !important;background-repeat: no-repeat !important;background-size: cover !important;}&#8220; offset=&#8220;vc_col-lg-6 vc_col-md-6&#8243;][vc_empty_space height=&#8220;350px&#8220;][\/vc_column][vc_column css=&#8220;.vc_custom_1484433918406{padding-top: 150px !important;padding-right: 16% !important;padding-bottom: 150px !important;padding-left: 16% !important;}&#8220; offset=&#8220;vc_col-lg-6 vc_col-md-6&#8243;][vc_column_text]<\/p>\n<h1 class=\"page-title on-shop\" style=\"text-align: center;\">DANIEL RAY<\/h1>\n<p>[\/vc_column_text][vc_column_text]<\/p>\n<p style=\"text-align: center;\">Corporate Social Responsibility<\/p>\n<p>[\/vc_column_text][vc_separator][vc_row_inner][vc_column_inner][vc_column_text]Alle Taschen von Daniel Ray werden in Asien hergestellt. Unsere Produktionsst\u00e4tten in China und Indien entsprechen vollst\u00e4ndig den EU-Anforderungen. Wir sind REACH-zertifiziert und wenden hinsichtlich der Arbeitsbedingungen den BSCI-Verhaltenskodex an.[\/vc_column_text][\/vc_column_inner][\/vc_row_inner][vc_row_inner css=&#8220;.vc_custom_1443414812412{margin-top: 45px !important;margin-bottom: 25px !important;}&#8220;][vc_column_inner width=&#8220;1\/2&#8243;][vc_column_text]<\/p>\n<p style=\"text-align: left;\"><strong>REACH<\/strong><br \/>\nREACH steht f\u00fcr Registration, Evaluation, Authorisation and Restriction of Chemicals. Diese Verordnung betrifft die Vorschriften f\u00fcr Chemikalien, die in der EU hergestellt oder importiert werden.<\/p>\n<p style=\"text-align: left;\">Unternehmen innerhalb der Lieferkette m\u00fcssen Risikomanagementma\u00dfnahmen gem\u00e4\u00df den Sicherheitsdatenbl\u00e4ttern treffen.<\/p>\n<p>[\/vc_column_text][\/vc_column_inner][vc_column_inner width=&#8220;1\/2&#8243;][vc_column_text]<strong>BSCI<\/strong><br \/>\nBSCI steht f\u00fcr Business Social Compliance Initiative. BSCI ist ein gemeinsamer Verhaltenskodex, der branchen\u00fcbergreifend und weltweit gilt. Unternehmen, die diesen Verhaltenskodex anwenden, setzen sich f\u00fcr bessere Arbeitsbedingungen in ihren Lieferketten ein.<\/p>\n<p>Gemeinsam mit unseren Inspektoren in der Region garantieren wir die Qualit\u00e4t und Nachhaltigkeit unserer Taschen und Produktionsprozesse.[\/vc_column_text][\/vc_column_inner][\/vc_row_inner][\/vc_column][\/vc_row]<\/p>\n<\/div>","protected":false},"excerpt":{"rendered":"<p>[vc_row full_height=&#8220;yes&#8220; columns_placement=&#8220;stretch&#8220; equal_height=&#8220;yes&#8220; content_placement=&#8220;middle&#8220; columns_height=&#8220;adjust_cols_height&#8220; background_style=&#8220;normal&#8220;][vc_column css=&#8220;.vc_custom_1776087738329{background-image: url(https:\/\/danielray.com\/wp-content\/uploads\/2026\/04\/JDV-6281.jpg?id=5218) !important;background-position: center !important;background-repeat: no-repeat !important;background-size: cover !important;}&#8220; offset=&#8220;vc_col-lg-6 vc_col-md-6&#8243;][vc_empty_space height=&#8220;350px&#8220;][\/vc_column][vc_column css=&#8220;.vc_custom_1484433918406{padding-top: 150px !important;padding-right: 16% !important;padding-bottom: 150px !important;padding-left: 16% !important;}&#8220; offset=&#8220;vc_col-lg-6 vc_col-md-6&#8243;][vc_column_text] DANIEL RAY [\/vc_column_text][vc_column_text] Corporate Social Responsibility [\/vc_column_text][vc_separator][vc_row_inner][vc_column_inner][vc_column_text]Alle Taschen von Daniel Ray werden in Asien hergestellt. Unsere Produktionsst\u00e4tten in China und Indien entsprechen vollst\u00e4ndig den EU-Anforderungen. [&hellip;]<\/p>\n","protected":false},"author":2,"featured_media":0,"parent":0,"menu_order":0,"comment_status":"closed","ping_status":"closed","template":"page-full-width.php","meta":{"footnotes":""},"class_list":["post-4952","page","type-page","status-publish","hentry"],"yoast_head":"<!-- This site is optimized with the Yoast SEO plugin v27.4 - https:\/\/yoast.com\/product\/yoast-seo-wordpress\/ -->\n<title>CSR - Daniel Ray Official Website<\/title>\n<meta name=\"robots\" content=\"index, follow, max-snippet:-1, max-image-preview:large, max-video-preview:-1\" \/>\n<link rel=\"canonical\" href=\"https:\/\/danielray.com\/de\/csr\/\" \/>\n<meta property=\"og:locale\" content=\"de_DE\" \/>\n<meta property=\"og:type\" content=\"article\" \/>\n<meta property=\"og:title\" content=\"CSR - Daniel Ray Official Website\" \/>\n<meta property=\"og:description\" content=\"[vc_row full_height=&#8220;yes&#8220; columns_placement=&#8220;stretch&#8220; equal_height=&#8220;yes&#8220; content_placement=&#8220;middle&#8220; columns_height=&#8220;adjust_cols_height&#8220; background_style=&#8220;normal&#8220;][vc_column css=&#8220;.vc_custom_1776087738329{background-image: url(https:\/\/danielray.com\/wp-content\/uploads\/2026\/04\/JDV-6281.jpg?id=5218) !important;background-position: center !important;background-repeat: no-repeat !important;background-size: cover !important;}&#8220; offset=&#8220;vc_col-lg-6 vc_col-md-6&#8243;][vc_empty_space height=&#8220;350px&#8220;][\/vc_column][vc_column css=&#8220;.vc_custom_1484433918406{padding-top: 150px !important;padding-right: 16% !important;padding-bottom: 150px !important;padding-left: 16% !important;}&#8220; offset=&#8220;vc_col-lg-6 vc_col-md-6&#8243;][vc_column_text] DANIEL RAY [\/vc_column_text][vc_column_text] Corporate Social Responsibility [\/vc_column_text][vc_separator][vc_row_inner][vc_column_inner][vc_column_text]Alle Taschen von Daniel Ray werden in Asien hergestellt. Unsere Produktionsst\u00e4tten in China und Indien entsprechen vollst\u00e4ndig den EU-Anforderungen. [&hellip;]\" \/>\n<meta property=\"og:url\" content=\"https:\/\/danielray.com\/de\/csr\/\" \/>\n<meta property=\"og:site_name\" content=\"Daniel Ray Official Website\" \/>\n<meta property=\"article:modified_time\" content=\"2026-04-13T13:42:12+00:00\" \/>\n<meta name=\"twitter:card\" content=\"summary_large_image\" \/>\n<meta name=\"twitter:label1\" content=\"Gesch\u00e4tzte Lesezeit\" \/>\n\t<meta name=\"twitter:data1\" content=\"1\u00a0Minute\" \/>\n<script type=\"application\/ld+json\" class=\"yoast-schema-graph\">{\"@context\":\"https:\\\/\\\/schema.org\",\"@graph\":[{\"@type\":\"WebPage\",\"@id\":\"https:\\\/\\\/danielray.com\\\/de\\\/csr\\\/\",\"url\":\"https:\\\/\\\/danielray.com\\\/de\\\/csr\\\/\",\"name\":\"CSR - Daniel Ray Official Website\",\"isPartOf\":{\"@id\":\"https:\\\/\\\/danielray.com\\\/de\\\/#website\"},\"datePublished\":\"2024-01-29T12:27:06+00:00\",\"dateModified\":\"2026-04-13T13:42:12+00:00\",\"breadcrumb\":{\"@id\":\"https:\\\/\\\/danielray.com\\\/de\\\/csr\\\/#breadcrumb\"},\"inLanguage\":\"de\",\"potentialAction\":[{\"@type\":\"ReadAction\",\"target\":[\"https:\\\/\\\/danielray.com\\\/de\\\/csr\\\/\"]}]},{\"@type\":\"BreadcrumbList\",\"@id\":\"https:\\\/\\\/danielray.com\\\/de\\\/csr\\\/#breadcrumb\",\"itemListElement\":[{\"@type\":\"ListItem\",\"position\":1,\"name\":\"Home\",\"item\":\"https:\\\/\\\/danielray.com\\\/de\\\/\"},{\"@type\":\"ListItem\",\"position\":2,\"name\":\"CSR\"}]},{\"@type\":\"WebSite\",\"@id\":\"https:\\\/\\\/danielray.com\\\/de\\\/#website\",\"url\":\"https:\\\/\\\/danielray.com\\\/de\\\/\",\"name\":\"Daniel Ray Official Website\",\"description\":\"\",\"publisher\":{\"@id\":\"https:\\\/\\\/danielray.com\\\/de\\\/#organization\"},\"potentialAction\":[{\"@type\":\"SearchAction\",\"target\":{\"@type\":\"EntryPoint\",\"urlTemplate\":\"https:\\\/\\\/danielray.com\\\/de\\\/?s={search_term_string}\"},\"query-input\":{\"@type\":\"PropertyValueSpecification\",\"valueRequired\":true,\"valueName\":\"search_term_string\"}}],\"inLanguage\":\"de\"},{\"@type\":\"Organization\",\"@id\":\"https:\\\/\\\/danielray.com\\\/de\\\/#organization\",\"name\":\"Daniel Ray\",\"url\":\"https:\\\/\\\/danielray.com\\\/de\\\/\",\"logo\":{\"@type\":\"ImageObject\",\"inLanguage\":\"de\",\"@id\":\"https:\\\/\\\/danielray.com\\\/de\\\/#\\\/schema\\\/logo\\\/image\\\/\",\"url\":\"https:\\\/\\\/danielray.com\\\/wp-content\\\/uploads\\\/2020\\\/11\\\/Logo-Daniel-Ray-600px-250-px-2.jpg\",\"contentUrl\":\"https:\\\/\\\/danielray.com\\\/wp-content\\\/uploads\\\/2020\\\/11\\\/Logo-Daniel-Ray-600px-250-px-2.jpg\",\"width\":599,\"height\":248,\"caption\":\"Daniel Ray\"},\"image\":{\"@id\":\"https:\\\/\\\/danielray.com\\\/de\\\/#\\\/schema\\\/logo\\\/image\\\/\"}}]}<\/script>\n<!-- \/ Yoast SEO plugin. -->","yoast_head_json":{"title":"CSR - Daniel Ray Official Website","robots":{"index":"index","follow":"follow","max-snippet":"max-snippet:-1","max-image-preview":"max-image-preview:large","max-video-preview":"max-video-preview:-1"},"canonical":"https:\/\/danielray.com\/de\/csr\/","og_locale":"de_DE","og_type":"article","og_title":"CSR - Daniel Ray Official Website","og_description":"[vc_row full_height=&#8220;yes&#8220; columns_placement=&#8220;stretch&#8220; equal_height=&#8220;yes&#8220; content_placement=&#8220;middle&#8220; columns_height=&#8220;adjust_cols_height&#8220; background_style=&#8220;normal&#8220;][vc_column css=&#8220;.vc_custom_1776087738329{background-image: url(https:\/\/danielray.com\/wp-content\/uploads\/2026\/04\/JDV-6281.jpg?id=5218) !important;background-position: center !important;background-repeat: no-repeat !important;background-size: cover !important;}&#8220; offset=&#8220;vc_col-lg-6 vc_col-md-6&#8243;][vc_empty_space height=&#8220;350px&#8220;][\/vc_column][vc_column css=&#8220;.vc_custom_1484433918406{padding-top: 150px !important;padding-right: 16% !important;padding-bottom: 150px !important;padding-left: 16% !important;}&#8220; offset=&#8220;vc_col-lg-6 vc_col-md-6&#8243;][vc_column_text] DANIEL RAY [\/vc_column_text][vc_column_text] Corporate Social Responsibility [\/vc_column_text][vc_separator][vc_row_inner][vc_column_inner][vc_column_text]Alle Taschen von Daniel Ray werden in Asien hergestellt. Unsere Produktionsst\u00e4tten in China und Indien entsprechen vollst\u00e4ndig den EU-Anforderungen. [&hellip;]","og_url":"https:\/\/danielray.com\/de\/csr\/","og_site_name":"Daniel Ray Official Website","article_modified_time":"2026-04-13T13:42:12+00:00","twitter_card":"summary_large_image","twitter_misc":{"Gesch\u00e4tzte Lesezeit":"1\u00a0Minute"},"schema":{"@context":"https:\/\/schema.org","@graph":[{"@type":"WebPage","@id":"https:\/\/danielray.com\/de\/csr\/","url":"https:\/\/danielray.com\/de\/csr\/","name":"CSR - Daniel Ray Official Website","isPartOf":{"@id":"https:\/\/danielray.com\/de\/#website"},"datePublished":"2024-01-29T12:27:06+00:00","dateModified":"2026-04-13T13:42:12+00:00","breadcrumb":{"@id":"https:\/\/danielray.com\/de\/csr\/#breadcrumb"},"inLanguage":"de","potentialAction":[{"@type":"ReadAction","target":["https:\/\/danielray.com\/de\/csr\/"]}]},{"@type":"BreadcrumbList","@id":"https:\/\/danielray.com\/de\/csr\/#breadcrumb","itemListElement":[{"@type":"ListItem","position":1,"name":"Home","item":"https:\/\/danielray.com\/de\/"},{"@type":"ListItem","position":2,"name":"CSR"}]},{"@type":"WebSite","@id":"https:\/\/danielray.com\/de\/#website","url":"https:\/\/danielray.com\/de\/","name":"Daniel Ray Official Website","description":"","publisher":{"@id":"https:\/\/danielray.com\/de\/#organization"},"potentialAction":[{"@type":"SearchAction","target":{"@type":"EntryPoint","urlTemplate":"https:\/\/danielray.com\/de\/?s={search_term_string}"},"query-input":{"@type":"PropertyValueSpecification","valueRequired":true,"valueName":"search_term_string"}}],"inLanguage":"de"},{"@type":"Organization","@id":"https:\/\/danielray.com\/de\/#organization","name":"Daniel Ray","url":"https:\/\/danielray.com\/de\/","logo":{"@type":"ImageObject","inLanguage":"de","@id":"https:\/\/danielray.com\/de\/#\/schema\/logo\/image\/","url":"https:\/\/danielray.com\/wp-content\/uploads\/2020\/11\/Logo-Daniel-Ray-600px-250-px-2.jpg","contentUrl":"https:\/\/danielray.com\/wp-content\/uploads\/2020\/11\/Logo-Daniel-Ray-600px-250-px-2.jpg","width":599,"height":248,"caption":"Daniel Ray"},"image":{"@id":"https:\/\/danielray.com\/de\/#\/schema\/logo\/image\/"}}]}},"_links":{"self":[{"href":"https:\/\/danielray.com\/de\/wp-json\/wp\/v2\/pages\/4952","targetHints":{"allow":["GET"]}}],"collection":[{"href":"https:\/\/danielray.com\/de\/wp-json\/wp\/v2\/pages"}],"about":[{"href":"https:\/\/danielray.com\/de\/wp-json\/wp\/v2\/types\/page"}],"author":[{"embeddable":true,"href":"https:\/\/danielray.com\/de\/wp-json\/wp\/v2\/users\/2"}],"replies":[{"embeddable":true,"href":"https:\/\/danielray.com\/de\/wp-json\/wp\/v2\/comments?post=4952"}],"version-history":[{"count":3,"href":"https:\/\/danielray.com\/de\/wp-json\/wp\/v2\/pages\/4952\/revisions"}],"predecessor-version":[{"id":5221,"href":"https:\/\/danielray.com\/de\/wp-json\/wp\/v2\/pages\/4952\/revisions\/5221"}],"wp:attachment":[{"href":"https:\/\/danielray.com\/de\/wp-json\/wp\/v2\/media?parent=4952"}],"curies":[{"name":"wp","href":"https:\/\/api.w.org\/{rel}","templated":true}]}}