{"id":3128,"date":"2017-01-10T21:29:23","date_gmt":"2017-01-10T21:29:23","guid":{"rendered":"https:\/\/danielray.com\/small-business-owner-v1\/"},"modified":"2026-04-13T13:34:55","modified_gmt":"2026-04-13T13:34:55","slug":"uber-daniel-ray","status":"publish","type":"page","link":"https:\/\/danielray.com\/de\/uber-daniel-ray\/","title":{"rendered":"\u00dcber Daniel Ray"},"content":{"rendered":"<div class=\"wpb-content-wrapper\"><p>[vc_row full_width=&#8220;stretch_row&#8220; full_height=&#8220;yes&#8220; css_animation=&#8220;fadeIn&#8220; css=&#8220;.vc_custom_1706281315403{margin-bottom: 75px !important;background-image: url(https:\/\/danielray.com\/wp-content\/uploads\/2024\/01\/over-ons-header-daniel-ray-3.jpg?id=4776) !important;background-position: center !important;background-repeat: no-repeat !important;background-size: cover !important;}&#8220;][vc_column width=&#8220;1\/2&#8243;][vc_column_text]<\/p>\n<h1>\u00dcBER DANIEL RAY<\/h1>\n<p>[\/vc_column_text][\/vc_column][vc_column width=&#8220;1\/2&#8243;][\/vc_column][\/vc_row][vc_row][vc_column][vc_column_text]<\/p>\n<h2>Daniel-Ray, Seit 1992<\/h2>\n<p>[\/vc_column_text][\/vc_column][\/vc_row][vc_row css=&#8220;.vc_custom_1484857863227{margin-bottom: 75px !important;}&#8220;][vc_column width=&#8220;1\/2&#8243;][vc_column_text]Die niederl\u00e4ndische Taschenmarke Daniel Ray wurde 1992 gegr\u00fcndet und schaffte es in k\u00fcrzester Zeit, den europ\u00e4ischen Markt zu erobern. Das ist gelungen, weil wir moderne und hochwertige Taschen zu einem attraktiven Preis anbieten.<\/p>\n<p>Heute, mehr als 30 Jahre sp\u00e4ter, ist Daniel Ray aus dem europ\u00e4ischen Stra\u00dfenbild nicht mehr wegzudenken. Unsere Taschen sind nicht nur trendig, funktional und nachhaltig, sondern auch preislich unschlagbar.[\/vc_column_text][\/vc_column][vc_column width=&#8220;1\/2&#8243;][vc_column_text]Daniel Ray ist seit 2019 eine Tochtergesellschaft von Eurobag Sourcing B.V. Die Eurobag-Produktionsst\u00e4tten in Asien entsprechen vollst\u00e4ndig den EU-Anforderungen. Unsere Taschen werden auf sozial verantwortliche Weise hergestellt, mit Aufmerksamkeit f\u00fcr Mensch und Umwelt.<\/p>\n<p>Daniel Ray steht f\u00fcr das ultimative Kundenerlebnis. Das bedeutet, dass wir unsere Kunden in den Mittelpunkt stellen und exzellenten Service bieten.[\/vc_column_text][\/vc_column][\/vc_row][vc_row content_placement=&#8220;middle&#8220; css=&#8220;.vc_custom_1484858913795{margin-bottom: 75px !important;}&#8220;][vc_column width=&#8220;1\/2&#8243; css=&#8220;.vc_custom_1484858929720{padding-right: 35px !important;}&#8220;][vc_single_image image=&#8220;4080&#8243; img_size=&#8220;full&#8220;][\/vc_column][vc_column width=&#8220;1\/2&#8243; css=&#8220;.vc_custom_1484858943591{padding-left: 35px !important;}&#8220;][vc_single_image image=&#8220;5183&#8243; img_size=&#8220;full&#8220; alignment=&#8220;right&#8220;][\/vc_column][\/vc_row][vc_row disable_element=&#8220;yes&#8220; css=&#8220;.vc_custom_1484859249034{margin-bottom: 75px !important;}&#8220;][vc_column width=&#8220;1\/2&#8243;][vc_column_text]<\/p>\n<h2>Our Products<\/h2>\n<p>[\/vc_column_text][vc_column_text]La croix blog sriracha, distillery ugh small batch retro literally coloring book disrupt iceland migas austin gochujang affogato. Edison bulb butcher wayfarers pug. Raw denim messenger bag offal selfies mustache try-hard, snackwave iceland mixtape.[\/vc_column_text][\/vc_column][vc_column width=&#8220;1\/2&#8243;][\/vc_column][\/vc_row][vc_row css=&#8220;.vc_custom_1484857886748{margin-bottom: 75px !important;}&#8220;][vc_column][vc_single_image image=&#8220;1047&#8243; img_size=&#8220;full&#8220;][vc_column_text css=&#8220;.vc_custom_1610040052861{padding-right: 23% !important;}&#8220;]<\/p>\n<h2>Daniel-Ray wurde 1992 gegr\u00fcndet und war die gr\u00f6\u00dfte Taschenmarke in diesem Preissegment europaweit. Jetzt ist es an der Zeit unser Come back zu feiern!<\/h2>\n<p>[\/vc_column_text][\/vc_column][\/vc_row][vc_row full_width=&#8220;stretch_row_content&#8220; gap=&#8220;35&#8243; equal_height=&#8220;yes&#8220; content_placement=&#8220;middle&#8220; css=&#8220;.vc_custom_1484858516306{margin-bottom: 75px !important;padding-right: 5% !important;padding-left: 5% !important;}&#8220;][vc_column width=&#8220;1\/3&#8243;][vc_single_image image=&#8220;5191&#8243; img_size=&#8220;full&#8220; alignment=&#8220;center&#8220;][\/vc_column][vc_column width=&#8220;1\/3&#8243;][vc_single_image image=&#8220;5194&#8243; img_size=&#8220;full&#8220; alignment=&#8220;center&#8220;][\/vc_column][vc_column width=&#8220;1\/3&#8243;][vc_single_image image=&#8220;5197&#8243; img_size=&#8220;full&#8220; alignment=&#8220;center&#8220;][\/vc_column][\/vc_row][vc_row css=&#8220;.vc_custom_1484857881273{margin-bottom: 75px !important;}&#8220;][vc_column width=&#8220;1\/2&#8243; css=&#8220;.vc_custom_1484858873368{padding-right: 33% !important;}&#8220;][vc_column_text]<\/p>\n<h6>FRAGEN UND INFORMATIONEN<\/h6>\n<p>[\/vc_column_text][vc_column_text]Haben Sie Fragen zur Taschenmarke Daniel Ray, zu unseren Produkten oder m\u00f6chten Sie offizieller Daniel Ray-H\u00e4ndler werden? Bitte kontaktieren Sie uns. Wir helfen Ihnen gerne weiter![\/vc_column_text][\/vc_column][vc_column width=&#8220;1\/2&#8243;][vc_column_text]<\/p>\n<h6>KONTAKT<\/h6>\n<p>[\/vc_column_text][vc_column_text]Daniel Ray<br \/>\nHandelsweg 16B<br \/>\n9482 WE Tynaarlo<br \/>\nNiederlande<\/p>\n<p>Telefonnummer: +31 50 763 08 81<br \/>\nE-Mail: <a href=\"mailto:service@ebsourcing.nl\">service@ebsourcing.nl<\/a>[\/vc_column_text][\/vc_column][\/vc_row]<\/p>\n<\/div>","protected":false},"excerpt":{"rendered":"<p>[vc_row full_width=&#8220;stretch_row&#8220; full_height=&#8220;yes&#8220; css_animation=&#8220;fadeIn&#8220; css=&#8220;.vc_custom_1706281315403{margin-bottom: 75px !important;background-image: url(https:\/\/danielray.com\/wp-content\/uploads\/2024\/01\/over-ons-header-daniel-ray-3.jpg?id=4776) !important;background-position: center !important;background-repeat: no-repeat !important;background-size: cover !important;}&#8220;][vc_column width=&#8220;1\/2&#8243;][vc_column_text] \u00dcBER DANIEL RAY [\/vc_column_text][\/vc_column][vc_column width=&#8220;1\/2&#8243;][\/vc_column][\/vc_row][vc_row][vc_column][vc_column_text] Daniel-Ray, Seit 1992 [\/vc_column_text][\/vc_column][\/vc_row][vc_row css=&#8220;.vc_custom_1484857863227{margin-bottom: 75px !important;}&#8220;][vc_column width=&#8220;1\/2&#8243;][vc_column_text]Die niederl\u00e4ndische Taschenmarke Daniel Ray wurde 1992 gegr\u00fcndet und schaffte es in k\u00fcrzester Zeit, den europ\u00e4ischen Markt zu erobern. Das ist gelungen, weil wir moderne und hochwertige [&hellip;]<\/p>\n","protected":false},"author":1,"featured_media":0,"parent":0,"menu_order":0,"comment_status":"closed","ping_status":"closed","template":"page-boxed.php","meta":{"footnotes":""},"class_list":["post-3128","page","type-page","status-publish","hentry"],"yoast_head":"<!-- This site is optimized with the Yoast SEO plugin v27.4 - https:\/\/yoast.com\/product\/yoast-seo-wordpress\/ -->\n<title>\u00dcber Daniel-Ray | Daniel-Ray Seit 1992<\/title>\n<meta name=\"robots\" content=\"index, follow, max-snippet:-1, max-image-preview:large, max-video-preview:-1\" \/>\n<link rel=\"canonical\" href=\"https:\/\/danielray.com\/de\/uber-daniel-ray\/\" \/>\n<meta property=\"og:locale\" content=\"de_DE\" \/>\n<meta property=\"og:type\" content=\"article\" \/>\n<meta property=\"og:title\" content=\"\u00dcber Daniel-Ray | Daniel-Ray Seit 1992\" \/>\n<meta property=\"og:description\" content=\"[vc_row full_width=&#8220;stretch_row&#8220; full_height=&#8220;yes&#8220; css_animation=&#8220;fadeIn&#8220; css=&#8220;.vc_custom_1706281315403{margin-bottom: 75px !important;background-image: url(https:\/\/danielray.com\/wp-content\/uploads\/2024\/01\/over-ons-header-daniel-ray-3.jpg?id=4776) !important;background-position: center !important;background-repeat: no-repeat !important;background-size: cover !important;}&#8220;][vc_column width=&#8220;1\/2&#8243;][vc_column_text] \u00dcBER DANIEL RAY [\/vc_column_text][\/vc_column][vc_column width=&#8220;1\/2&#8243;][\/vc_column][\/vc_row][vc_row][vc_column][vc_column_text] Daniel-Ray, Seit 1992 [\/vc_column_text][\/vc_column][\/vc_row][vc_row css=&#8220;.vc_custom_1484857863227{margin-bottom: 75px !important;}&#8220;][vc_column width=&#8220;1\/2&#8243;][vc_column_text]Die niederl\u00e4ndische Taschenmarke Daniel Ray wurde 1992 gegr\u00fcndet und schaffte es in k\u00fcrzester Zeit, den europ\u00e4ischen Markt zu erobern. Das ist gelungen, weil wir moderne und hochwertige [&hellip;]\" \/>\n<meta property=\"og:url\" content=\"https:\/\/danielray.com\/de\/uber-daniel-ray\/\" \/>\n<meta property=\"og:site_name\" content=\"Daniel Ray Official Website\" \/>\n<meta property=\"article:modified_time\" content=\"2026-04-13T13:34:55+00:00\" \/>\n<meta name=\"twitter:card\" content=\"summary_large_image\" \/>\n<meta name=\"twitter:label1\" content=\"Gesch\u00e4tzte Lesezeit\" \/>\n\t<meta name=\"twitter:data1\" content=\"3\u00a0Minuten\" \/>\n<script type=\"application\/ld+json\" class=\"yoast-schema-graph\">{\"@context\":\"https:\\\/\\\/schema.org\",\"@graph\":[{\"@type\":\"WebPage\",\"@id\":\"https:\\\/\\\/danielray.com\\\/de\\\/uber-daniel-ray\\\/\",\"url\":\"https:\\\/\\\/danielray.com\\\/de\\\/uber-daniel-ray\\\/\",\"name\":\"\u00dcber Daniel-Ray | Daniel-Ray Seit 1992\",\"isPartOf\":{\"@id\":\"https:\\\/\\\/danielray.com\\\/de\\\/#website\"},\"datePublished\":\"2017-01-10T21:29:23+00:00\",\"dateModified\":\"2026-04-13T13:34:55+00:00\",\"breadcrumb\":{\"@id\":\"https:\\\/\\\/danielray.com\\\/de\\\/uber-daniel-ray\\\/#breadcrumb\"},\"inLanguage\":\"de\",\"potentialAction\":[{\"@type\":\"ReadAction\",\"target\":[\"https:\\\/\\\/danielray.com\\\/de\\\/uber-daniel-ray\\\/\"]}]},{\"@type\":\"BreadcrumbList\",\"@id\":\"https:\\\/\\\/danielray.com\\\/de\\\/uber-daniel-ray\\\/#breadcrumb\",\"itemListElement\":[{\"@type\":\"ListItem\",\"position\":1,\"name\":\"Home\",\"item\":\"https:\\\/\\\/danielray.com\\\/de\\\/\"},{\"@type\":\"ListItem\",\"position\":2,\"name\":\"\u00dcber Daniel Ray\"}]},{\"@type\":\"WebSite\",\"@id\":\"https:\\\/\\\/danielray.com\\\/de\\\/#website\",\"url\":\"https:\\\/\\\/danielray.com\\\/de\\\/\",\"name\":\"Daniel Ray Official Website\",\"description\":\"\",\"publisher\":{\"@id\":\"https:\\\/\\\/danielray.com\\\/de\\\/#organization\"},\"potentialAction\":[{\"@type\":\"SearchAction\",\"target\":{\"@type\":\"EntryPoint\",\"urlTemplate\":\"https:\\\/\\\/danielray.com\\\/de\\\/?s={search_term_string}\"},\"query-input\":{\"@type\":\"PropertyValueSpecification\",\"valueRequired\":true,\"valueName\":\"search_term_string\"}}],\"inLanguage\":\"de\"},{\"@type\":\"Organization\",\"@id\":\"https:\\\/\\\/danielray.com\\\/de\\\/#organization\",\"name\":\"Daniel Ray\",\"url\":\"https:\\\/\\\/danielray.com\\\/de\\\/\",\"logo\":{\"@type\":\"ImageObject\",\"inLanguage\":\"de\",\"@id\":\"https:\\\/\\\/danielray.com\\\/de\\\/#\\\/schema\\\/logo\\\/image\\\/\",\"url\":\"https:\\\/\\\/danielray.com\\\/wp-content\\\/uploads\\\/2020\\\/11\\\/Logo-Daniel-Ray-600px-250-px-2.jpg\",\"contentUrl\":\"https:\\\/\\\/danielray.com\\\/wp-content\\\/uploads\\\/2020\\\/11\\\/Logo-Daniel-Ray-600px-250-px-2.jpg\",\"width\":599,\"height\":248,\"caption\":\"Daniel Ray\"},\"image\":{\"@id\":\"https:\\\/\\\/danielray.com\\\/de\\\/#\\\/schema\\\/logo\\\/image\\\/\"}}]}<\/script>\n<!-- \/ Yoast SEO plugin. -->","yoast_head_json":{"title":"\u00dcber Daniel-Ray | Daniel-Ray Seit 1992","robots":{"index":"index","follow":"follow","max-snippet":"max-snippet:-1","max-image-preview":"max-image-preview:large","max-video-preview":"max-video-preview:-1"},"canonical":"https:\/\/danielray.com\/de\/uber-daniel-ray\/","og_locale":"de_DE","og_type":"article","og_title":"\u00dcber Daniel-Ray | Daniel-Ray Seit 1992","og_description":"[vc_row full_width=&#8220;stretch_row&#8220; full_height=&#8220;yes&#8220; css_animation=&#8220;fadeIn&#8220; css=&#8220;.vc_custom_1706281315403{margin-bottom: 75px !important;background-image: url(https:\/\/danielray.com\/wp-content\/uploads\/2024\/01\/over-ons-header-daniel-ray-3.jpg?id=4776) !important;background-position: center !important;background-repeat: no-repeat !important;background-size: cover !important;}&#8220;][vc_column width=&#8220;1\/2&#8243;][vc_column_text] \u00dcBER DANIEL RAY [\/vc_column_text][\/vc_column][vc_column width=&#8220;1\/2&#8243;][\/vc_column][\/vc_row][vc_row][vc_column][vc_column_text] Daniel-Ray, Seit 1992 [\/vc_column_text][\/vc_column][\/vc_row][vc_row css=&#8220;.vc_custom_1484857863227{margin-bottom: 75px !important;}&#8220;][vc_column width=&#8220;1\/2&#8243;][vc_column_text]Die niederl\u00e4ndische Taschenmarke Daniel Ray wurde 1992 gegr\u00fcndet und schaffte es in k\u00fcrzester Zeit, den europ\u00e4ischen Markt zu erobern. Das ist gelungen, weil wir moderne und hochwertige [&hellip;]","og_url":"https:\/\/danielray.com\/de\/uber-daniel-ray\/","og_site_name":"Daniel Ray Official Website","article_modified_time":"2026-04-13T13:34:55+00:00","twitter_card":"summary_large_image","twitter_misc":{"Gesch\u00e4tzte Lesezeit":"3\u00a0Minuten"},"schema":{"@context":"https:\/\/schema.org","@graph":[{"@type":"WebPage","@id":"https:\/\/danielray.com\/de\/uber-daniel-ray\/","url":"https:\/\/danielray.com\/de\/uber-daniel-ray\/","name":"\u00dcber Daniel-Ray | Daniel-Ray Seit 1992","isPartOf":{"@id":"https:\/\/danielray.com\/de\/#website"},"datePublished":"2017-01-10T21:29:23+00:00","dateModified":"2026-04-13T13:34:55+00:00","breadcrumb":{"@id":"https:\/\/danielray.com\/de\/uber-daniel-ray\/#breadcrumb"},"inLanguage":"de","potentialAction":[{"@type":"ReadAction","target":["https:\/\/danielray.com\/de\/uber-daniel-ray\/"]}]},{"@type":"BreadcrumbList","@id":"https:\/\/danielray.com\/de\/uber-daniel-ray\/#breadcrumb","itemListElement":[{"@type":"ListItem","position":1,"name":"Home","item":"https:\/\/danielray.com\/de\/"},{"@type":"ListItem","position":2,"name":"\u00dcber Daniel Ray"}]},{"@type":"WebSite","@id":"https:\/\/danielray.com\/de\/#website","url":"https:\/\/danielray.com\/de\/","name":"Daniel Ray Official Website","description":"","publisher":{"@id":"https:\/\/danielray.com\/de\/#organization"},"potentialAction":[{"@type":"SearchAction","target":{"@type":"EntryPoint","urlTemplate":"https:\/\/danielray.com\/de\/?s={search_term_string}"},"query-input":{"@type":"PropertyValueSpecification","valueRequired":true,"valueName":"search_term_string"}}],"inLanguage":"de"},{"@type":"Organization","@id":"https:\/\/danielray.com\/de\/#organization","name":"Daniel Ray","url":"https:\/\/danielray.com\/de\/","logo":{"@type":"ImageObject","inLanguage":"de","@id":"https:\/\/danielray.com\/de\/#\/schema\/logo\/image\/","url":"https:\/\/danielray.com\/wp-content\/uploads\/2020\/11\/Logo-Daniel-Ray-600px-250-px-2.jpg","contentUrl":"https:\/\/danielray.com\/wp-content\/uploads\/2020\/11\/Logo-Daniel-Ray-600px-250-px-2.jpg","width":599,"height":248,"caption":"Daniel Ray"},"image":{"@id":"https:\/\/danielray.com\/de\/#\/schema\/logo\/image\/"}}]}},"_links":{"self":[{"href":"https:\/\/danielray.com\/de\/wp-json\/wp\/v2\/pages\/3128","targetHints":{"allow":["GET"]}}],"collection":[{"href":"https:\/\/danielray.com\/de\/wp-json\/wp\/v2\/pages"}],"about":[{"href":"https:\/\/danielray.com\/de\/wp-json\/wp\/v2\/types\/page"}],"author":[{"embeddable":true,"href":"https:\/\/danielray.com\/de\/wp-json\/wp\/v2\/users\/1"}],"replies":[{"embeddable":true,"href":"https:\/\/danielray.com\/de\/wp-json\/wp\/v2\/comments?post=3128"}],"version-history":[{"count":15,"href":"https:\/\/danielray.com\/de\/wp-json\/wp\/v2\/pages\/3128\/revisions"}],"predecessor-version":[{"id":5200,"href":"https:\/\/danielray.com\/de\/wp-json\/wp\/v2\/pages\/3128\/revisions\/5200"}],"wp:attachment":[{"href":"https:\/\/danielray.com\/de\/wp-json\/wp\/v2\/media?parent=3128"}],"curies":[{"name":"wp","href":"https:\/\/api.w.org\/{rel}","templated":true}]}}