{"id":3123,"date":"2017-01-10T14:33:29","date_gmt":"2017-01-10T14:33:29","guid":{"rendered":"https:\/\/danielray.com\/about-v2-designer-light\/"},"modified":"2026-04-13T13:40:56","modified_gmt":"2026-04-13T13:40:56","slug":"geschaftspartner","status":"publish","type":"page","link":"https:\/\/danielray.com\/de\/geschaftspartner\/","title":{"rendered":"Gesch\u00e4ftspartner"},"content":{"rendered":"<div class=\"wpb-content-wrapper\"><p>[vc_row full_height=&#8220;yes&#8220; columns_placement=&#8220;stretch&#8220; equal_height=&#8220;yes&#8220; content_placement=&#8220;middle&#8220; columns_height=&#8220;adjust_cols_height&#8220; background_style=&#8220;normal&#8220;][vc_column css=&#8220;.vc_custom_1776087648238{background-image: url(https:\/\/danielray.com\/wp-content\/uploads\/2026\/04\/JDV-6352.jpg?id=5212) !important;background-position: center !important;background-repeat: no-repeat !important;background-size: cover !important;}&#8220; offset=&#8220;vc_col-lg-6 vc_col-md-6&#8243;][vc_empty_space height=&#8220;350px&#8220;][\/vc_column][vc_column css=&#8220;.vc_custom_1484433918406{padding-top: 150px !important;padding-right: 16% !important;padding-bottom: 150px !important;padding-left: 16% !important;}&#8220; offset=&#8220;vc_col-lg-6 vc_col-md-6&#8243;][vc_column_text]<\/p>\n<h1 class=\"page-title on-shop\" style=\"text-align: center;\">DANIEL RAY<\/h1>\n<p>[\/vc_column_text][vc_column_text]<\/p>\n<p style=\"text-align: center;\">M\u00f6chten Sie offizieller Daniel Ray-H\u00e4ndler werden?<\/p>\n<p>[\/vc_column_text][vc_separator][vc_row_inner css=&#8220;.vc_custom_1443414812412{margin-top: 45px !important;margin-bottom: 25px !important;}&#8220;][vc_column_inner width=&#8220;1\/2&#8243;][vc_column_text]Die Daniel Ray-Kollektion besteht aus zwei Linien: Fashion und Sport. Sowohl Damen als auch Herren k\u00f6nnen sich freuen an moderne, hochwertige und preislich attraktive Taschen in verschiedenen Farben. Von Umh\u00e4ngetaschen, Rucks\u00e4cken und Laptoptaschen bis hin zu Shoppers, G\u00fcrteltaschen, Reisetaschen und mehr.[\/vc_column_text][\/vc_column_inner][vc_column_inner width=&#8220;1\/2&#8243;][vc_column_text]<\/p>\n<p style=\"text-align: left;\">Wir sind bestrebt, Taschen und Accessoires direkt ab Lager zu liefern. Daniel Ray bietet ein ausgezeichnetes Preis-Leistungs-Verh\u00e4ltnis und unsere umfangreiche Kollektion wird unter sozial verantwortlichen Arbeitsbedingungen hergestellt. Dar\u00fcber hinaus bieten wir allen unseren H\u00e4ndlern einen hervorragenden Service.<\/p>\n<p>[\/vc_column_text][\/vc_column_inner][\/vc_row_inner][vc_separator][vc_row_inner css=&#8220;.vc_custom_1412679223514{margin-top: 35px !important;}&#8220;][vc_column_inner width=&#8220;1\/2&#8243;][vc_column_text]<\/p>\n<h6 style=\"text-align: left;\">EIN H\u00c4NDLER WERDEN?<\/h6>\n<p>Bitte kontaktieren Sie uns \u00fcber die untenstehenden Kontaktdaten.<\/p>\n<p>Telefonnummer: +31 50 763 08 81<br \/>\nE-Mail: <a href=\"mailto:service@ebsourcing.nl\">service@ebsourcing.nl<\/a>[\/vc_column_text][\/vc_column_inner][vc_column_inner width=&#8220;1\/2&#8243;][vc_column_text]<\/p>\n<h6 style=\"text-align: left;\">INFORMATIONEN F\u00dcR H\u00c4NDLER<\/h6>\n<p>[\/vc_column_text][vc_btn title=&#8220;B2B Portal&#8220; style=&#8220;custom&#8220; custom_background=&#8220;#193153&#8243; custom_text=&#8220;#ffffff&#8220; shape=&#8220;square&#8220; size=&#8220;sm&#8220; i_icon_fontawesome=&#8220;fas fa-arrow-right&#8220; add_icon=&#8220;true&#8220; link=&#8220;url:https%3A%2F%2Fshop.app4sales.net%2Feurobag%2Flogin.html|title:B2B%20Login|target:_blank|rel:nofollow&#8220;][vc_empty_space height=&#8220;5px&#8220;][\/vc_column_inner][\/vc_row_inner][\/vc_column][\/vc_row]<\/p>\n<\/div>","protected":false},"excerpt":{"rendered":"<p>[vc_row full_height=&#8220;yes&#8220; columns_placement=&#8220;stretch&#8220; equal_height=&#8220;yes&#8220; content_placement=&#8220;middle&#8220; columns_height=&#8220;adjust_cols_height&#8220; background_style=&#8220;normal&#8220;][vc_column css=&#8220;.vc_custom_1776087648238{background-image: url(https:\/\/danielray.com\/wp-content\/uploads\/2026\/04\/JDV-6352.jpg?id=5212) !important;background-position: center !important;background-repeat: no-repeat !important;background-size: cover !important;}&#8220; offset=&#8220;vc_col-lg-6 vc_col-md-6&#8243;][vc_empty_space height=&#8220;350px&#8220;][\/vc_column][vc_column css=&#8220;.vc_custom_1484433918406{padding-top: 150px !important;padding-right: 16% !important;padding-bottom: 150px !important;padding-left: 16% !important;}&#8220; offset=&#8220;vc_col-lg-6 vc_col-md-6&#8243;][vc_column_text] DANIEL RAY [\/vc_column_text][vc_column_text] M\u00f6chten Sie offizieller Daniel Ray-H\u00e4ndler werden? [\/vc_column_text][vc_separator][vc_row_inner css=&#8220;.vc_custom_1443414812412{margin-top: 45px !important;margin-bottom: 25px !important;}&#8220;][vc_column_inner width=&#8220;1\/2&#8243;][vc_column_text]Die Daniel Ray-Kollektion besteht aus zwei Linien: Fashion und Sport. [&hellip;]<\/p>\n","protected":false},"author":1,"featured_media":0,"parent":0,"menu_order":0,"comment_status":"closed","ping_status":"closed","template":"page-full-width.php","meta":{"footnotes":""},"class_list":["post-3123","page","type-page","status-publish","hentry"],"yoast_head":"<!-- This site is optimized with the Yoast SEO plugin v27.4 - https:\/\/yoast.com\/product\/yoast-seo-wordpress\/ -->\n<title>Gesch\u00e4ftspartner - Daniel Ray Official Website<\/title>\n<meta name=\"robots\" content=\"index, follow, max-snippet:-1, max-image-preview:large, max-video-preview:-1\" \/>\n<link rel=\"canonical\" href=\"https:\/\/danielray.com\/de\/geschaftspartner\/\" \/>\n<meta property=\"og:locale\" content=\"de_DE\" \/>\n<meta property=\"og:type\" content=\"article\" \/>\n<meta property=\"og:title\" content=\"Gesch\u00e4ftspartner - Daniel Ray Official Website\" \/>\n<meta property=\"og:description\" content=\"[vc_row full_height=&#8220;yes&#8220; columns_placement=&#8220;stretch&#8220; equal_height=&#8220;yes&#8220; content_placement=&#8220;middle&#8220; columns_height=&#8220;adjust_cols_height&#8220; background_style=&#8220;normal&#8220;][vc_column css=&#8220;.vc_custom_1776087648238{background-image: url(https:\/\/danielray.com\/wp-content\/uploads\/2026\/04\/JDV-6352.jpg?id=5212) !important;background-position: center !important;background-repeat: no-repeat !important;background-size: cover !important;}&#8220; offset=&#8220;vc_col-lg-6 vc_col-md-6&#8243;][vc_empty_space height=&#8220;350px&#8220;][\/vc_column][vc_column css=&#8220;.vc_custom_1484433918406{padding-top: 150px !important;padding-right: 16% !important;padding-bottom: 150px !important;padding-left: 16% !important;}&#8220; offset=&#8220;vc_col-lg-6 vc_col-md-6&#8243;][vc_column_text] DANIEL RAY [\/vc_column_text][vc_column_text] M\u00f6chten Sie offizieller Daniel Ray-H\u00e4ndler werden? [\/vc_column_text][vc_separator][vc_row_inner css=&#8220;.vc_custom_1443414812412{margin-top: 45px !important;margin-bottom: 25px !important;}&#8220;][vc_column_inner width=&#8220;1\/2&#8243;][vc_column_text]Die Daniel Ray-Kollektion besteht aus zwei Linien: Fashion und Sport. [&hellip;]\" \/>\n<meta property=\"og:url\" content=\"https:\/\/danielray.com\/de\/geschaftspartner\/\" \/>\n<meta property=\"og:site_name\" content=\"Daniel Ray Official Website\" \/>\n<meta property=\"article:modified_time\" content=\"2026-04-13T13:40:56+00:00\" \/>\n<meta name=\"twitter:card\" content=\"summary_large_image\" \/>\n<meta name=\"twitter:label1\" content=\"Gesch\u00e4tzte Lesezeit\" \/>\n\t<meta name=\"twitter:data1\" content=\"1\u00a0Minute\" \/>\n<script type=\"application\/ld+json\" class=\"yoast-schema-graph\">{\"@context\":\"https:\\\/\\\/schema.org\",\"@graph\":[{\"@type\":\"WebPage\",\"@id\":\"https:\\\/\\\/danielray.com\\\/de\\\/geschaftspartner\\\/\",\"url\":\"https:\\\/\\\/danielray.com\\\/de\\\/geschaftspartner\\\/\",\"name\":\"Gesch\u00e4ftspartner - Daniel Ray Official Website\",\"isPartOf\":{\"@id\":\"https:\\\/\\\/danielray.com\\\/de\\\/#website\"},\"datePublished\":\"2017-01-10T14:33:29+00:00\",\"dateModified\":\"2026-04-13T13:40:56+00:00\",\"breadcrumb\":{\"@id\":\"https:\\\/\\\/danielray.com\\\/de\\\/geschaftspartner\\\/#breadcrumb\"},\"inLanguage\":\"de\",\"potentialAction\":[{\"@type\":\"ReadAction\",\"target\":[\"https:\\\/\\\/danielray.com\\\/de\\\/geschaftspartner\\\/\"]}]},{\"@type\":\"BreadcrumbList\",\"@id\":\"https:\\\/\\\/danielray.com\\\/de\\\/geschaftspartner\\\/#breadcrumb\",\"itemListElement\":[{\"@type\":\"ListItem\",\"position\":1,\"name\":\"Home\",\"item\":\"https:\\\/\\\/danielray.com\\\/de\\\/\"},{\"@type\":\"ListItem\",\"position\":2,\"name\":\"Gesch\u00e4ftspartner\"}]},{\"@type\":\"WebSite\",\"@id\":\"https:\\\/\\\/danielray.com\\\/de\\\/#website\",\"url\":\"https:\\\/\\\/danielray.com\\\/de\\\/\",\"name\":\"Daniel Ray Official Website\",\"description\":\"\",\"publisher\":{\"@id\":\"https:\\\/\\\/danielray.com\\\/de\\\/#organization\"},\"potentialAction\":[{\"@type\":\"SearchAction\",\"target\":{\"@type\":\"EntryPoint\",\"urlTemplate\":\"https:\\\/\\\/danielray.com\\\/de\\\/?s={search_term_string}\"},\"query-input\":{\"@type\":\"PropertyValueSpecification\",\"valueRequired\":true,\"valueName\":\"search_term_string\"}}],\"inLanguage\":\"de\"},{\"@type\":\"Organization\",\"@id\":\"https:\\\/\\\/danielray.com\\\/de\\\/#organization\",\"name\":\"Daniel Ray\",\"url\":\"https:\\\/\\\/danielray.com\\\/de\\\/\",\"logo\":{\"@type\":\"ImageObject\",\"inLanguage\":\"de\",\"@id\":\"https:\\\/\\\/danielray.com\\\/de\\\/#\\\/schema\\\/logo\\\/image\\\/\",\"url\":\"https:\\\/\\\/danielray.com\\\/wp-content\\\/uploads\\\/2020\\\/11\\\/Logo-Daniel-Ray-600px-250-px-2.jpg\",\"contentUrl\":\"https:\\\/\\\/danielray.com\\\/wp-content\\\/uploads\\\/2020\\\/11\\\/Logo-Daniel-Ray-600px-250-px-2.jpg\",\"width\":599,\"height\":248,\"caption\":\"Daniel Ray\"},\"image\":{\"@id\":\"https:\\\/\\\/danielray.com\\\/de\\\/#\\\/schema\\\/logo\\\/image\\\/\"}}]}<\/script>\n<!-- \/ Yoast SEO plugin. -->","yoast_head_json":{"title":"Gesch\u00e4ftspartner - Daniel Ray Official Website","robots":{"index":"index","follow":"follow","max-snippet":"max-snippet:-1","max-image-preview":"max-image-preview:large","max-video-preview":"max-video-preview:-1"},"canonical":"https:\/\/danielray.com\/de\/geschaftspartner\/","og_locale":"de_DE","og_type":"article","og_title":"Gesch\u00e4ftspartner - Daniel Ray Official Website","og_description":"[vc_row full_height=&#8220;yes&#8220; columns_placement=&#8220;stretch&#8220; equal_height=&#8220;yes&#8220; content_placement=&#8220;middle&#8220; columns_height=&#8220;adjust_cols_height&#8220; background_style=&#8220;normal&#8220;][vc_column css=&#8220;.vc_custom_1776087648238{background-image: url(https:\/\/danielray.com\/wp-content\/uploads\/2026\/04\/JDV-6352.jpg?id=5212) !important;background-position: center !important;background-repeat: no-repeat !important;background-size: cover !important;}&#8220; offset=&#8220;vc_col-lg-6 vc_col-md-6&#8243;][vc_empty_space height=&#8220;350px&#8220;][\/vc_column][vc_column css=&#8220;.vc_custom_1484433918406{padding-top: 150px !important;padding-right: 16% !important;padding-bottom: 150px !important;padding-left: 16% !important;}&#8220; offset=&#8220;vc_col-lg-6 vc_col-md-6&#8243;][vc_column_text] DANIEL RAY [\/vc_column_text][vc_column_text] M\u00f6chten Sie offizieller Daniel Ray-H\u00e4ndler werden? [\/vc_column_text][vc_separator][vc_row_inner css=&#8220;.vc_custom_1443414812412{margin-top: 45px !important;margin-bottom: 25px !important;}&#8220;][vc_column_inner width=&#8220;1\/2&#8243;][vc_column_text]Die Daniel Ray-Kollektion besteht aus zwei Linien: Fashion und Sport. [&hellip;]","og_url":"https:\/\/danielray.com\/de\/geschaftspartner\/","og_site_name":"Daniel Ray Official Website","article_modified_time":"2026-04-13T13:40:56+00:00","twitter_card":"summary_large_image","twitter_misc":{"Gesch\u00e4tzte Lesezeit":"1\u00a0Minute"},"schema":{"@context":"https:\/\/schema.org","@graph":[{"@type":"WebPage","@id":"https:\/\/danielray.com\/de\/geschaftspartner\/","url":"https:\/\/danielray.com\/de\/geschaftspartner\/","name":"Gesch\u00e4ftspartner - Daniel Ray Official Website","isPartOf":{"@id":"https:\/\/danielray.com\/de\/#website"},"datePublished":"2017-01-10T14:33:29+00:00","dateModified":"2026-04-13T13:40:56+00:00","breadcrumb":{"@id":"https:\/\/danielray.com\/de\/geschaftspartner\/#breadcrumb"},"inLanguage":"de","potentialAction":[{"@type":"ReadAction","target":["https:\/\/danielray.com\/de\/geschaftspartner\/"]}]},{"@type":"BreadcrumbList","@id":"https:\/\/danielray.com\/de\/geschaftspartner\/#breadcrumb","itemListElement":[{"@type":"ListItem","position":1,"name":"Home","item":"https:\/\/danielray.com\/de\/"},{"@type":"ListItem","position":2,"name":"Gesch\u00e4ftspartner"}]},{"@type":"WebSite","@id":"https:\/\/danielray.com\/de\/#website","url":"https:\/\/danielray.com\/de\/","name":"Daniel Ray Official Website","description":"","publisher":{"@id":"https:\/\/danielray.com\/de\/#organization"},"potentialAction":[{"@type":"SearchAction","target":{"@type":"EntryPoint","urlTemplate":"https:\/\/danielray.com\/de\/?s={search_term_string}"},"query-input":{"@type":"PropertyValueSpecification","valueRequired":true,"valueName":"search_term_string"}}],"inLanguage":"de"},{"@type":"Organization","@id":"https:\/\/danielray.com\/de\/#organization","name":"Daniel Ray","url":"https:\/\/danielray.com\/de\/","logo":{"@type":"ImageObject","inLanguage":"de","@id":"https:\/\/danielray.com\/de\/#\/schema\/logo\/image\/","url":"https:\/\/danielray.com\/wp-content\/uploads\/2020\/11\/Logo-Daniel-Ray-600px-250-px-2.jpg","contentUrl":"https:\/\/danielray.com\/wp-content\/uploads\/2020\/11\/Logo-Daniel-Ray-600px-250-px-2.jpg","width":599,"height":248,"caption":"Daniel Ray"},"image":{"@id":"https:\/\/danielray.com\/de\/#\/schema\/logo\/image\/"}}]}},"_links":{"self":[{"href":"https:\/\/danielray.com\/de\/wp-json\/wp\/v2\/pages\/3123","targetHints":{"allow":["GET"]}}],"collection":[{"href":"https:\/\/danielray.com\/de\/wp-json\/wp\/v2\/pages"}],"about":[{"href":"https:\/\/danielray.com\/de\/wp-json\/wp\/v2\/types\/page"}],"author":[{"embeddable":true,"href":"https:\/\/danielray.com\/de\/wp-json\/wp\/v2\/users\/1"}],"replies":[{"embeddable":true,"href":"https:\/\/danielray.com\/de\/wp-json\/wp\/v2\/comments?post=3123"}],"version-history":[{"count":23,"href":"https:\/\/danielray.com\/de\/wp-json\/wp\/v2\/pages\/3123\/revisions"}],"predecessor-version":[{"id":5217,"href":"https:\/\/danielray.com\/de\/wp-json\/wp\/v2\/pages\/3123\/revisions\/5217"}],"wp:attachment":[{"href":"https:\/\/danielray.com\/de\/wp-json\/wp\/v2\/media?parent=3123"}],"curies":[{"name":"wp","href":"https:\/\/api.w.org\/{rel}","templated":true}]}}