{"id":3095,"date":"2017-01-11T00:06:56","date_gmt":"2017-01-11T00:06:56","guid":{"rendered":"https:\/\/danielray.com\/?page_id=3095"},"modified":"2026-04-13T12:48:52","modified_gmt":"2026-04-13T12:48:52","slug":"homepage","status":"publish","type":"page","link":"https:\/\/danielray.com\/de\/","title":{"rendered":"Homepage"},"content":{"rendered":"<div class=\"wpb-content-wrapper\"><p>[vc_row full_width=&#8220;stretch_row_content_no_spaces&#8220; full_height=&#8220;yes&#8220; columns_placement=&#8220;bottom&#8220; css_animation=&#8220;fadeIn&#8220; css=&#8220;.vc_custom_1776084414761{margin-bottom: 75px !important;background: #e0e0e0 url(https:\/\/danielray.com\/wp-content\/uploads\/2026\/04\/MJH_1532.jpg?id=5124) !important;background-position: center !important;background-repeat: no-repeat !important;background-size: cover !important;}&#8220;][vc_column width=&#8220;1\/2&#8243;][vc_column_text css=&#8220;.vc_custom_1706275552841{margin-bottom: 400px !important;}&#8220;]<\/p>\n<h1 style=\"text-align: center;\"><strong>Daniel Ray<\/strong><\/h1>\n<h1 style=\"text-align: center;\">Seit 1992<\/h1>\n<p>[\/vc_column_text][\/vc_column][vc_column width=&#8220;1\/2&#8243;][\/vc_column][\/vc_row][vc_row type=&#8220;boxed&#8220; css=&#8220;.vc_custom_1484830306531{margin-bottom: 0px !important;}&#8220;][vc_column width=&#8220;1\/2&#8243; css=&#8220;.vc_custom_1484830392320{padding-top: 35px !important;padding-right: 35px !important;padding-left: 35px !important;}&#8220;][vc_column_text]<\/p>\n<h1>Trendig, funktional und nachhaltig<\/h1>\n<p>[\/vc_column_text][\/vc_column][vc_column width=&#8220;1\/2&#8243; css=&#8220;.vc_custom_1484830315673{padding-top: 35px !important;padding-right: 35px !important;padding-bottom: 0px !important;padding-left: 35px !important;}&#8220;][vc_column_text css=&#8220;.vc_custom_1706275590152{padding-right: 35% !important;}&#8220;]Daniel Ray ist aus dem europ\u00e4ischen Stra\u00dfenbild nicht mehr wegzudenken. Unsere Taschen sind trendig, funktional und nachhaltig. Zudem sind sie preislich unschlagbar.[\/vc_column_text][\/vc_column][\/vc_row][vc_row full_width=&#8220;stretch_row_content_no_spaces&#8220; css=&#8220;.vc_custom_1754049770979{margin-bottom: 75px !important;background-color: #fcfcfc !important;}&#8220;][vc_column width=&#8220;1\/2&#8243;][vc_row_inner][vc_column_inner offset=&#8220;vc_hidden-sm vc_hidden-xs&#8220;][vc_empty_space height=&#8220;200px&#8220;][\/vc_column_inner][\/vc_row_inner][vc_single_image image=&#8220;5146&#8243; img_size=&#8220;large&#8220; alignment=&#8220;right&#8220;][\/vc_column][vc_column width=&#8220;1\/2&#8243; css=&#8220;.vc_custom_1484829852997{padding: 35px !important;}&#8220;][vc_row_inner][vc_column_inner offset=&#8220;vc_hidden-sm vc_hidden-xs&#8220;][vc_empty_space height=&#8220;50px&#8220;][\/vc_column_inner][\/vc_row_inner][vc_single_image image=&#8220;5140&#8243; img_size=&#8220;large&#8220;][\/vc_column][\/vc_row][vc_row type=&#8220;boxed&#8220; css=&#8220;.vc_custom_1484758861673{margin-bottom: 75px !important;}&#8220;][vc_column][vc_column_text css=&#8220;.vc_custom_1706276454910{margin-bottom: 75px !important;}&#8220;]<\/p>\n<h3 style=\"text-align: center;\">Sportlich oder lieber l\u00e4ssig? W\u00e4hlen Sie Ihre Lieblingstasche von Daniel Ray aus unserer neuesten Kollektion<\/h3>\n<p>[\/vc_column_text][vc_row_inner][vc_column_inner width=&#8220;1\/4&#8243;][vc_single_image image=&#8220;5002&#8243; img_size=&#8220;medium&#8220; alignment=&#8220;center&#8220; onclick=&#8220;zoom&#8220;][\/vc_column_inner][vc_column_inner width=&#8220;1\/4&#8243;][vc_single_image image=&#8220;4999&#8243; img_size=&#8220;medium&#8220; alignment=&#8220;center&#8220; onclick=&#8220;zoom&#8220;][\/vc_column_inner][vc_column_inner width=&#8220;1\/4&#8243;][vc_single_image image=&#8220;4996&#8243; img_size=&#8220;medium&#8220; alignment=&#8220;center&#8220; onclick=&#8220;zoom&#8220;][\/vc_column_inner][vc_column_inner width=&#8220;1\/4&#8243;][vc_single_image image=&#8220;4993&#8243; img_size=&#8220;medium&#8220; alignment=&#8220;center&#8220; onclick=&#8220;zoom&#8220;][\/vc_column_inner][\/vc_row_inner][\/vc_column][\/vc_row][vc_row full_width=&#8220;stretch_row_content&#8220; full_height=&#8220;yes&#8220; columns_placement=&#8220;stretch&#8220; equal_height=&#8220;yes&#8220; content_placement=&#8220;middle&#8220; css=&#8220;.vc_custom_1571303496089{margin-bottom: 75px !important;}&#8220;][vc_column width=&#8220;1\/2&#8243;][vc_column_text css=&#8220;.vc_custom_1706275607398{padding-right: 25% !important;padding-left: 25% !important;}&#8220;]Die Daniel Ray-Kollektion besteht aus zwei Linien: Fashion und Sport. Sowohl Damen als auch Herren k\u00f6nnen sich freuen an moderne, hochwertige und preislich attraktive Taschen in verschiedenen Farben. Von Umh\u00e4ngetaschen, Rucks\u00e4cken und Laptoptaschen bis hin zu Shoppers, G\u00fcrteltaschen, Reisetaschen und mehr.[\/vc_column_text][\/vc_column][vc_column width=&#8220;1\/2&#8243; css=&#8220;.vc_custom_1776084473273{background: #f2f2f2 url(https:\/\/danielray.com\/wp-content\/uploads\/2026\/04\/homehd2.jpg?id=5143) !important;background-position: center !important;background-repeat: no-repeat !important;background-size: cover !important;}&#8220;][\/vc_column][\/vc_row][vc_row full_width=&#8220;stretch_row_content_no_spaces&#8220; equal_height=&#8220;yes&#8220; content_placement=&#8220;middle&#8220; css=&#8220;.vc_custom_1754049854494{margin-bottom: 75px !important;background-color: #fcfcfc !important;}&#8220;][vc_column width=&#8220;1\/2&#8243;][vc_single_image image=&#8220;5137&#8243; img_size=&#8220;full&#8220; alignment=&#8220;right&#8220;][\/vc_column][vc_column width=&#8220;1\/2&#8243; css=&#8220;.vc_custom_1484829852997{padding: 35px !important;}&#8220;][vc_column_text css=&#8220;.vc_custom_1706275621568{padding-right: 45% !important;padding-left: 10% !important;}&#8220;]Alle unsere Taschen werden auf sozial verantwortliche Weise hergestellt, mit Aufmerksamkeit f\u00fcr Mensch und Umwelt. Das bedeutet, dass jedes Glied unserer Lieferkette die strengen Anforderungen der EU vollst\u00e4ndig erf\u00fcllt.<\/p>\n<p>Bei Daniel Ray steht der Kunde immer an erster Stelle. Wir zeichnen uns dadurch aus, dass wir das ultimative Kundenerlebnis mit exzellentem Service bieten.[\/vc_column_text][\/vc_column][\/vc_row][vc_row full_width=&#8220;stretch_row&#8220; type=&#8220;boxed&#8220;][vc_column][vc_column_text css=&#8220;.vc_custom_1776080952275{margin-bottom: 75px !important;}&#8220;]<\/p>\n<h3 style=\"text-align: center;\">Daniel Ray Fr\u00fchling &#8211; Sommer 2026<\/h3>\n<p style=\"text-align: center;\">Sportliche und l\u00e4ssige Handtaschen, Umh\u00e4ngetaschen, Rucks\u00e4cke und Sporttaschen!<\/p>\n<p>[\/vc_column_text][vc_row_inner equal_height=&#8220;yes&#8220; gap=&#8220;10&#8243;][vc_column_inner width=&#8220;1\/3&#8243;][vc_single_image image=&#8220;5131&#8243; img_size=&#8220;full&#8220; alignment=&#8220;center&#8220; onclick=&#8220;zoom&#8220;][\/vc_column_inner][vc_column_inner width=&#8220;1\/3&#8243;][vc_single_image image=&#8220;5128&#8243; img_size=&#8220;full&#8220; alignment=&#8220;center&#8220; onclick=&#8220;zoom&#8220;][\/vc_column_inner][vc_column_inner width=&#8220;1\/3&#8243;][vc_single_image image=&#8220;5134&#8243; img_size=&#8220;full&#8220; alignment=&#8220;center&#8220; onclick=&#8220;zoom&#8220;][\/vc_column_inner][\/vc_row_inner][\/vc_column][\/vc_row]<\/p>\n<\/div>","protected":false},"excerpt":{"rendered":"<p>[vc_row full_width=&#8220;stretch_row_content_no_spaces&#8220; full_height=&#8220;yes&#8220; columns_placement=&#8220;bottom&#8220; css_animation=&#8220;fadeIn&#8220; css=&#8220;.vc_custom_1776084414761{margin-bottom: 75px !important;background: #e0e0e0 url(https:\/\/danielray.com\/wp-content\/uploads\/2026\/04\/MJH_1532.jpg?id=5124) !important;background-position: center !important;background-repeat: no-repeat !important;background-size: cover !important;}&#8220;][vc_column width=&#8220;1\/2&#8243;][vc_column_text css=&#8220;.vc_custom_1706275552841{margin-bottom: 400px !important;}&#8220;] Daniel Ray Seit 1992 [\/vc_column_text][\/vc_column][vc_column width=&#8220;1\/2&#8243;][\/vc_column][\/vc_row][vc_row type=&#8220;boxed&#8220; css=&#8220;.vc_custom_1484830306531{margin-bottom: 0px !important;}&#8220;][vc_column width=&#8220;1\/2&#8243; css=&#8220;.vc_custom_1484830392320{padding-top: 35px !important;padding-right: 35px !important;padding-left: 35px !important;}&#8220;][vc_column_text] Trendig, funktional und nachhaltig [\/vc_column_text][\/vc_column][vc_column width=&#8220;1\/2&#8243; css=&#8220;.vc_custom_1484830315673{padding-top: 35px !important;padding-right: 35px !important;padding-bottom: 0px !important;padding-left: 35px !important;}&#8220;][vc_column_text css=&#8220;.vc_custom_1706275590152{padding-right: [&hellip;]<\/p>\n","protected":false},"author":1,"featured_media":0,"parent":0,"menu_order":0,"comment_status":"closed","ping_status":"closed","template":"page-boxed.php","meta":{"footnotes":""},"class_list":["post-3095","page","type-page","status-publish","hentry"],"yoast_head":"<!-- This site is optimized with the Yoast SEO plugin v27.4 - https:\/\/yoast.com\/product\/yoast-seo-wordpress\/ -->\n<title>Daniel-Ray Offizielle Website | Daniel-Ray Seit 1992<\/title>\n<meta name=\"robots\" content=\"index, follow, max-snippet:-1, max-image-preview:large, max-video-preview:-1\" \/>\n<link rel=\"canonical\" href=\"https:\/\/danielray.com\/de\/\" \/>\n<meta property=\"og:locale\" content=\"de_DE\" \/>\n<meta property=\"og:type\" content=\"article\" \/>\n<meta property=\"og:title\" content=\"Daniel-Ray Offizielle Website | Daniel-Ray Seit 1992\" \/>\n<meta property=\"og:description\" content=\"[vc_row full_width=&#8220;stretch_row_content_no_spaces&#8220; full_height=&#8220;yes&#8220; columns_placement=&#8220;bottom&#8220; css_animation=&#8220;fadeIn&#8220; css=&#8220;.vc_custom_1776084414761{margin-bottom: 75px !important;background: #e0e0e0 url(https:\/\/danielray.com\/wp-content\/uploads\/2026\/04\/MJH_1532.jpg?id=5124) !important;background-position: center !important;background-repeat: no-repeat !important;background-size: cover !important;}&#8220;][vc_column width=&#8220;1\/2&#8243;][vc_column_text css=&#8220;.vc_custom_1706275552841{margin-bottom: 400px !important;}&#8220;] Daniel Ray Seit 1992 [\/vc_column_text][\/vc_column][vc_column width=&#8220;1\/2&#8243;][\/vc_column][\/vc_row][vc_row type=&#8220;boxed&#8220; css=&#8220;.vc_custom_1484830306531{margin-bottom: 0px !important;}&#8220;][vc_column width=&#8220;1\/2&#8243; css=&#8220;.vc_custom_1484830392320{padding-top: 35px !important;padding-right: 35px !important;padding-left: 35px !important;}&#8220;][vc_column_text] Trendig, funktional und nachhaltig [\/vc_column_text][\/vc_column][vc_column width=&#8220;1\/2&#8243; css=&#8220;.vc_custom_1484830315673{padding-top: 35px !important;padding-right: 35px !important;padding-bottom: 0px !important;padding-left: 35px !important;}&#8220;][vc_column_text css=&#8220;.vc_custom_1706275590152{padding-right: [&hellip;]\" \/>\n<meta property=\"og:url\" content=\"https:\/\/danielray.com\/de\/\" \/>\n<meta property=\"og:site_name\" content=\"Daniel Ray Official Website\" \/>\n<meta property=\"article:modified_time\" content=\"2026-04-13T12:48:52+00:00\" \/>\n<meta name=\"twitter:card\" content=\"summary_large_image\" \/>\n<meta name=\"twitter:label1\" content=\"Gesch\u00e4tzte Lesezeit\" \/>\n\t<meta name=\"twitter:data1\" content=\"4\u00a0Minuten\" \/>\n<script type=\"application\/ld+json\" class=\"yoast-schema-graph\">{\"@context\":\"https:\\\/\\\/schema.org\",\"@graph\":[{\"@type\":\"WebPage\",\"@id\":\"https:\\\/\\\/danielray.com\\\/de\\\/\",\"url\":\"https:\\\/\\\/danielray.com\\\/de\\\/\",\"name\":\"Daniel-Ray Offizielle Website | Daniel-Ray Seit 1992\",\"isPartOf\":{\"@id\":\"https:\\\/\\\/danielray.com\\\/de\\\/#website\"},\"datePublished\":\"2017-01-11T00:06:56+00:00\",\"dateModified\":\"2026-04-13T12:48:52+00:00\",\"breadcrumb\":{\"@id\":\"https:\\\/\\\/danielray.com\\\/de\\\/#breadcrumb\"},\"inLanguage\":\"de\",\"potentialAction\":[{\"@type\":\"ReadAction\",\"target\":[\"https:\\\/\\\/danielray.com\\\/de\\\/\"]}]},{\"@type\":\"BreadcrumbList\",\"@id\":\"https:\\\/\\\/danielray.com\\\/de\\\/#breadcrumb\",\"itemListElement\":[{\"@type\":\"ListItem\",\"position\":1,\"name\":\"Home\",\"item\":\"https:\\\/\\\/danielray.com\\\/de\\\/\"},{\"@type\":\"ListItem\",\"position\":2,\"name\":\"Homepage\"}]},{\"@type\":\"WebSite\",\"@id\":\"https:\\\/\\\/danielray.com\\\/de\\\/#website\",\"url\":\"https:\\\/\\\/danielray.com\\\/de\\\/\",\"name\":\"Daniel Ray Official Website\",\"description\":\"\",\"publisher\":{\"@id\":\"https:\\\/\\\/danielray.com\\\/de\\\/#organization\"},\"potentialAction\":[{\"@type\":\"SearchAction\",\"target\":{\"@type\":\"EntryPoint\",\"urlTemplate\":\"https:\\\/\\\/danielray.com\\\/de\\\/?s={search_term_string}\"},\"query-input\":{\"@type\":\"PropertyValueSpecification\",\"valueRequired\":true,\"valueName\":\"search_term_string\"}}],\"inLanguage\":\"de\"},{\"@type\":\"Organization\",\"@id\":\"https:\\\/\\\/danielray.com\\\/de\\\/#organization\",\"name\":\"Daniel Ray\",\"url\":\"https:\\\/\\\/danielray.com\\\/de\\\/\",\"logo\":{\"@type\":\"ImageObject\",\"inLanguage\":\"de\",\"@id\":\"https:\\\/\\\/danielray.com\\\/de\\\/#\\\/schema\\\/logo\\\/image\\\/\",\"url\":\"https:\\\/\\\/danielray.com\\\/wp-content\\\/uploads\\\/2020\\\/11\\\/Logo-Daniel-Ray-600px-250-px-2.jpg\",\"contentUrl\":\"https:\\\/\\\/danielray.com\\\/wp-content\\\/uploads\\\/2020\\\/11\\\/Logo-Daniel-Ray-600px-250-px-2.jpg\",\"width\":599,\"height\":248,\"caption\":\"Daniel Ray\"},\"image\":{\"@id\":\"https:\\\/\\\/danielray.com\\\/de\\\/#\\\/schema\\\/logo\\\/image\\\/\"}}]}<\/script>\n<!-- \/ Yoast SEO plugin. -->","yoast_head_json":{"title":"Daniel-Ray Offizielle Website | Daniel-Ray Seit 1992","robots":{"index":"index","follow":"follow","max-snippet":"max-snippet:-1","max-image-preview":"max-image-preview:large","max-video-preview":"max-video-preview:-1"},"canonical":"https:\/\/danielray.com\/de\/","og_locale":"de_DE","og_type":"article","og_title":"Daniel-Ray Offizielle Website | Daniel-Ray Seit 1992","og_description":"[vc_row full_width=&#8220;stretch_row_content_no_spaces&#8220; full_height=&#8220;yes&#8220; columns_placement=&#8220;bottom&#8220; css_animation=&#8220;fadeIn&#8220; css=&#8220;.vc_custom_1776084414761{margin-bottom: 75px !important;background: #e0e0e0 url(https:\/\/danielray.com\/wp-content\/uploads\/2026\/04\/MJH_1532.jpg?id=5124) !important;background-position: center !important;background-repeat: no-repeat !important;background-size: cover !important;}&#8220;][vc_column width=&#8220;1\/2&#8243;][vc_column_text css=&#8220;.vc_custom_1706275552841{margin-bottom: 400px !important;}&#8220;] Daniel Ray Seit 1992 [\/vc_column_text][\/vc_column][vc_column width=&#8220;1\/2&#8243;][\/vc_column][\/vc_row][vc_row type=&#8220;boxed&#8220; css=&#8220;.vc_custom_1484830306531{margin-bottom: 0px !important;}&#8220;][vc_column width=&#8220;1\/2&#8243; css=&#8220;.vc_custom_1484830392320{padding-top: 35px !important;padding-right: 35px !important;padding-left: 35px !important;}&#8220;][vc_column_text] Trendig, funktional und nachhaltig [\/vc_column_text][\/vc_column][vc_column width=&#8220;1\/2&#8243; css=&#8220;.vc_custom_1484830315673{padding-top: 35px !important;padding-right: 35px !important;padding-bottom: 0px !important;padding-left: 35px !important;}&#8220;][vc_column_text css=&#8220;.vc_custom_1706275590152{padding-right: [&hellip;]","og_url":"https:\/\/danielray.com\/de\/","og_site_name":"Daniel Ray Official Website","article_modified_time":"2026-04-13T12:48:52+00:00","twitter_card":"summary_large_image","twitter_misc":{"Gesch\u00e4tzte Lesezeit":"4\u00a0Minuten"},"schema":{"@context":"https:\/\/schema.org","@graph":[{"@type":"WebPage","@id":"https:\/\/danielray.com\/de\/","url":"https:\/\/danielray.com\/de\/","name":"Daniel-Ray Offizielle Website | Daniel-Ray Seit 1992","isPartOf":{"@id":"https:\/\/danielray.com\/de\/#website"},"datePublished":"2017-01-11T00:06:56+00:00","dateModified":"2026-04-13T12:48:52+00:00","breadcrumb":{"@id":"https:\/\/danielray.com\/de\/#breadcrumb"},"inLanguage":"de","potentialAction":[{"@type":"ReadAction","target":["https:\/\/danielray.com\/de\/"]}]},{"@type":"BreadcrumbList","@id":"https:\/\/danielray.com\/de\/#breadcrumb","itemListElement":[{"@type":"ListItem","position":1,"name":"Home","item":"https:\/\/danielray.com\/de\/"},{"@type":"ListItem","position":2,"name":"Homepage"}]},{"@type":"WebSite","@id":"https:\/\/danielray.com\/de\/#website","url":"https:\/\/danielray.com\/de\/","name":"Daniel Ray Official Website","description":"","publisher":{"@id":"https:\/\/danielray.com\/de\/#organization"},"potentialAction":[{"@type":"SearchAction","target":{"@type":"EntryPoint","urlTemplate":"https:\/\/danielray.com\/de\/?s={search_term_string}"},"query-input":{"@type":"PropertyValueSpecification","valueRequired":true,"valueName":"search_term_string"}}],"inLanguage":"de"},{"@type":"Organization","@id":"https:\/\/danielray.com\/de\/#organization","name":"Daniel Ray","url":"https:\/\/danielray.com\/de\/","logo":{"@type":"ImageObject","inLanguage":"de","@id":"https:\/\/danielray.com\/de\/#\/schema\/logo\/image\/","url":"https:\/\/danielray.com\/wp-content\/uploads\/2020\/11\/Logo-Daniel-Ray-600px-250-px-2.jpg","contentUrl":"https:\/\/danielray.com\/wp-content\/uploads\/2020\/11\/Logo-Daniel-Ray-600px-250-px-2.jpg","width":599,"height":248,"caption":"Daniel Ray"},"image":{"@id":"https:\/\/danielray.com\/de\/#\/schema\/logo\/image\/"}}]}},"_links":{"self":[{"href":"https:\/\/danielray.com\/de\/wp-json\/wp\/v2\/pages\/3095","targetHints":{"allow":["GET"]}}],"collection":[{"href":"https:\/\/danielray.com\/de\/wp-json\/wp\/v2\/pages"}],"about":[{"href":"https:\/\/danielray.com\/de\/wp-json\/wp\/v2\/types\/page"}],"author":[{"embeddable":true,"href":"https:\/\/danielray.com\/de\/wp-json\/wp\/v2\/users\/1"}],"replies":[{"embeddable":true,"href":"https:\/\/danielray.com\/de\/wp-json\/wp\/v2\/comments?post=3095"}],"version-history":[{"count":38,"href":"https:\/\/danielray.com\/de\/wp-json\/wp\/v2\/pages\/3095\/revisions"}],"predecessor-version":[{"id":5150,"href":"https:\/\/danielray.com\/de\/wp-json\/wp\/v2\/pages\/3095\/revisions\/5150"}],"wp:attachment":[{"href":"https:\/\/danielray.com\/de\/wp-json\/wp\/v2\/media?parent=3095"}],"curies":[{"name":"wp","href":"https:\/\/api.w.org\/{rel}","templated":true}]}}